{"id":9872,"date":"2025-11-09T16:35:57","date_gmt":"2025-11-09T16:35:57","guid":{"rendered":"https:\/\/paisatoursrd.com\/?post_type=product&#038;p=9872"},"modified":"2025-11-12T18:09:03","modified_gmt":"2025-11-12T18:09:03","slug":"buceo-en-isla-catalina","status":"publish","type":"product","link":"https:\/\/paisatoursrd.com\/en\/product\/buceo-en-isla-catalina\/","title":{"rendered":"DIVING AT CATALINA ISLAND"},"content":{"rendered":"<p>Journey to the Caribbean on this beautiful full-day catamaran trip to Catalina Island. Stop at two must-see dive sites and dive to the surface, where you&#039;ll discover breathtaking underwater worlds. This all-inclusive tour offers travelers the perfect blend of activity and relaxation, thanks to diving and snorkeling options, plus sandy beaches, an open bar, and a Dominican feast prepared by a local chef. Experience Catalina Island on a full-day diving tour. Stop at two must-see dive sites and relax on idyllic beaches. Enjoy cocktails with a view and a Dominican feast prepared by a local chef. Convenient round-trip transportation from your hotel.<\/p>","protected":false},"excerpt":{"rendered":"<p>El <strong data-start=\"1725\" data-end=\"1759\">Tour de Buceo en Isla Catalina<\/strong> es una experiencia completa que combina la emoci\u00f3n del buceo con la relajaci\u00f3n en un entorno natural paradis\u00edaco, ideal para quienes desean descubrir las maravillas del fondo marino dominicano.<\/p>","protected":false},"featured_media":9880,"comment_status":"open","ping_status":"closed","template":"","meta":{"_joinchat":[]},"product_brand":[97],"product_cat":[98],"product_tag":[],"class_list":{"0":"post-9872","1":"product","2":"type-product","3":"status-publish","4":"has-post-thumbnail","6":"product_brand-buceo-en-isla-catalina","7":"product_cat-buceo","9":"first","10":"instock","11":"shipping-taxable","12":"purchasable","13":"product-type-ovabrw_car_rental"},"_links":{"self":[{"href":"https:\/\/paisatoursrd.com\/en\/wp-json\/wp\/v2\/product\/9872","targetHints":{"allow":["GET"]}}],"collection":[{"href":"https:\/\/paisatoursrd.com\/en\/wp-json\/wp\/v2\/product"}],"about":[{"href":"https:\/\/paisatoursrd.com\/en\/wp-json\/wp\/v2\/types\/product"}],"replies":[{"embeddable":true,"href":"https:\/\/paisatoursrd.com\/en\/wp-json\/wp\/v2\/comments?post=9872"}],"wp:featuredmedia":[{"embeddable":true,"href":"https:\/\/paisatoursrd.com\/en\/wp-json\/wp\/v2\/media\/9880"}],"wp:attachment":[{"href":"https:\/\/paisatoursrd.com\/en\/wp-json\/wp\/v2\/media?parent=9872"}],"wp:term":[{"taxonomy":"product_brand","embeddable":true,"href":"https:\/\/paisatoursrd.com\/en\/wp-json\/wp\/v2\/product_brand?post=9872"},{"taxonomy":"product_cat","embeddable":true,"href":"https:\/\/paisatoursrd.com\/en\/wp-json\/wp\/v2\/product_cat?post=9872"},{"taxonomy":"product_tag","embeddable":true,"href":"https:\/\/paisatoursrd.com\/en\/wp-json\/wp\/v2\/product_tag?post=9872"}],"curies":[{"name":"wp","href":"https:\/\/api.w.org\/{rel}","templated":true}]}}