{"id":9842,"date":"2025-11-09T18:00:40","date_gmt":"2025-11-09T18:00:40","guid":{"rendered":"https:\/\/paisatoursrd.com\/?post_type=product&#038;p=9842"},"modified":"2026-01-12T00:57:25","modified_gmt":"2026-01-12T00:57:25","slug":"isla-saona","status":"publish","type":"product","link":"https:\/\/paisatoursrd.com\/en\/product\/isla-saona\/","title":{"rendered":"SAONA ISLAND"},"content":{"rendered":"<p>Discover the most famous tropical paradise in the Dominican Republic with the excursion to the <strong data-start=\"117\" data-end=\"131\">Saona Island<\/strong>, A must-see destination that combines pristine beaches, crystal-clear waters, and the authentic Caribbean spirit. Considered one of the jewels of the <strong data-start=\"273\" data-end=\"301\">East National Park<\/strong>, Saona Island is a natural spectacle that captivates all its visitors with its beauty, tranquility, and paradisiacal atmosphere.<\/p>\n<p>During the journey, a stop is made at the famous <strong data-start=\"834\" data-end=\"853\">Natural Pool<\/strong>, an area of shallow, crystal-clear waters where you can swim in the middle of the sea and observe the <strong data-start=\"955\" data-end=\"975\">starfish<\/strong> in its natural habitat. It is one of the most photogenic and memorable moments of the tour.<\/p>","protected":false},"excerpt":{"rendered":"<p>El <strong data-start=\"1758\" data-end=\"1779\">Tour a Isla Saona<\/strong> es una de las actividades m\u00e1s populares y recomendadas desde Punta Cana, perfecta para quienes buscan un d\u00eda de sol, mar y diversi\u00f3n en un entorno natural incomparable.<\/p>","protected":false},"featured_media":9838,"comment_status":"open","ping_status":"closed","template":"","meta":{"_joinchat":[]},"product_brand":[95],"product_cat":[92],"product_tag":[],"class_list":{"0":"post-9842","1":"product","2":"type-product","3":"status-publish","4":"has-post-thumbnail","6":"product_brand-isla-saona","7":"product_cat-isla","9":"first","10":"instock","11":"featured","12":"shipping-taxable","13":"purchasable","14":"product-type-ovabrw_car_rental"},"_links":{"self":[{"href":"https:\/\/paisatoursrd.com\/en\/wp-json\/wp\/v2\/product\/9842","targetHints":{"allow":["GET"]}}],"collection":[{"href":"https:\/\/paisatoursrd.com\/en\/wp-json\/wp\/v2\/product"}],"about":[{"href":"https:\/\/paisatoursrd.com\/en\/wp-json\/wp\/v2\/types\/product"}],"replies":[{"embeddable":true,"href":"https:\/\/paisatoursrd.com\/en\/wp-json\/wp\/v2\/comments?post=9842"}],"wp:featuredmedia":[{"embeddable":true,"href":"https:\/\/paisatoursrd.com\/en\/wp-json\/wp\/v2\/media\/9838"}],"wp:attachment":[{"href":"https:\/\/paisatoursrd.com\/en\/wp-json\/wp\/v2\/media?parent=9842"}],"wp:term":[{"taxonomy":"product_brand","embeddable":true,"href":"https:\/\/paisatoursrd.com\/en\/wp-json\/wp\/v2\/product_brand?post=9842"},{"taxonomy":"product_cat","embeddable":true,"href":"https:\/\/paisatoursrd.com\/en\/wp-json\/wp\/v2\/product_cat?post=9842"},{"taxonomy":"product_tag","embeddable":true,"href":"https:\/\/paisatoursrd.com\/en\/wp-json\/wp\/v2\/product_tag?post=9842"}],"curies":[{"name":"wp","href":"https:\/\/api.w.org\/{rel}","templated":true}]}}