{"id":9815,"date":"2025-10-28T20:48:20","date_gmt":"2025-10-28T20:48:20","guid":{"rendered":"https:\/\/paisatoursrd.com\/?post_type=product&#038;p=9815"},"modified":"2025-11-12T18:15:10","modified_gmt":"2025-11-12T18:15:10","slug":"tour-cultural-higuey","status":"publish","type":"product","link":"https:\/\/paisatoursrd.com\/en\/product\/tour-cultural-higuey\/","title":{"rendered":"HIGUEY CULTURAL TOUR"},"content":{"rendered":"<p>At the time you choose, we will pick you up at your hotel in Punta Cana. Just an hour later we will arrive in Hig\u00fcey: the capital of the Dominican province of La Altagracia.<\/p>\n<p>First, we&#039;ll visit a ranch for a horseback ride\u2014the perfect way to start the day! After admiring the natural landscapes of Hig\u00fcey on horseback, we&#039;ll head to the Basilica-Cathedral of Our Lady of La Altagracia. We&#039;ll see the exterior of this modern sanctuary, located in the heart of Hig\u00fcey, dedicated to one of the most venerated Virgin Marys in the Dominican Republic.<\/p>","protected":false},"excerpt":{"rendered":"<p>El <strong data-start=\"1960\" data-end=\"1986\">Tour Cultural a Hig\u00fcey<\/strong> no solo es una excursi\u00f3n educativa, sino tambi\u00e9n una experiencia emocional que te conecta con el alma dominicana. Ideal para quienes desean ir m\u00e1s all\u00e1 del turismo de playa y descubrir el lado m\u00e1s aut\u00e9ntico, espiritual e hist\u00f3rico de esta hermosa isla.<\/p>","protected":false},"featured_media":9887,"comment_status":"open","ping_status":"closed","template":"","meta":{"_joinchat":[]},"product_brand":[90],"product_cat":[89],"product_tag":[],"class_list":{"0":"post-9815","1":"product","2":"type-product","3":"status-publish","4":"has-post-thumbnail","6":"product_brand-tour-cultural-higuey","7":"product_cat-tour","9":"first","10":"instock","11":"shipping-taxable","12":"purchasable","13":"product-type-ovabrw_car_rental"},"_links":{"self":[{"href":"https:\/\/paisatoursrd.com\/en\/wp-json\/wp\/v2\/product\/9815","targetHints":{"allow":["GET"]}}],"collection":[{"href":"https:\/\/paisatoursrd.com\/en\/wp-json\/wp\/v2\/product"}],"about":[{"href":"https:\/\/paisatoursrd.com\/en\/wp-json\/wp\/v2\/types\/product"}],"replies":[{"embeddable":true,"href":"https:\/\/paisatoursrd.com\/en\/wp-json\/wp\/v2\/comments?post=9815"}],"wp:featuredmedia":[{"embeddable":true,"href":"https:\/\/paisatoursrd.com\/en\/wp-json\/wp\/v2\/media\/9887"}],"wp:attachment":[{"href":"https:\/\/paisatoursrd.com\/en\/wp-json\/wp\/v2\/media?parent=9815"}],"wp:term":[{"taxonomy":"product_brand","embeddable":true,"href":"https:\/\/paisatoursrd.com\/en\/wp-json\/wp\/v2\/product_brand?post=9815"},{"taxonomy":"product_cat","embeddable":true,"href":"https:\/\/paisatoursrd.com\/en\/wp-json\/wp\/v2\/product_cat?post=9815"},{"taxonomy":"product_tag","embeddable":true,"href":"https:\/\/paisatoursrd.com\/en\/wp-json\/wp\/v2\/product_tag?post=9815"}],"curies":[{"name":"wp","href":"https:\/\/api.w.org\/{rel}","templated":true}]}}