{"id":9807,"date":"2025-10-28T16:34:45","date_gmt":"2025-10-28T16:34:45","guid":{"rendered":"https:\/\/paisatoursrd.com\/?post_type=product&#038;p=9807"},"modified":"2025-11-12T18:16:23","modified_gmt":"2025-11-12T18:16:23","slug":"banana-boat","status":"publish","type":"product","link":"https:\/\/paisatoursrd.com\/en\/product\/banana-boat\/","title":{"rendered":"BANANA BOAT"},"content":{"rendered":"<p>Get ready for an experience full of <strong data-start=\"72\" data-end=\"105\">fun, laughter and adrenaline<\/strong> with the exciting <strong data-start=\"125\" data-end=\"154\">Banana Boat <\/strong>, Banana boating is one of the most popular water activities to enjoy in a group. This adventure invites you to hop aboard a large inflatable banana boat towed by a speedboat, as you glide across the crystal-clear waters of the Caribbean Sea at top speed.<\/p>\n<p>From the moment the ride begins, you&#039;ll feel the excitement of <strong data-start=\"474\" data-end=\"499\">jump over the waves<\/strong>, Spin and sway to the rhythm of the speedboat, trying to maintain your balance alongside your fellow adventurers. Laughter is inevitable and the energy contagious, as every curve and turn promises pure fun. It&#039;s a perfect experience for <strong data-start=\"749\" data-end=\"789\">families, groups of friends or couples<\/strong> who are looking to enjoy the sea in a different and exciting way.<\/p>","protected":false},"excerpt":{"rendered":"<p data-start=\"1164\" data-end=\"1445\">Durante el recorrido, podr\u00e1s admirar la belleza de la costa de Punta Cana, sus playas de arena blanca y el azul intenso del Caribe. Entre risas, emoci\u00f3n y la inevitable ca\u00edda al agua (\u00a1la parte m\u00e1s divertida del viaje!), vivir\u00e1s una experiencia que quedar\u00e1 grabada en tu memoria.<\/p>\n<p data-start=\"1447\" data-end=\"1603\">El <strong data-start=\"1450\" data-end=\"1465\">Banana Boat<\/strong> es una actividad corta, segura y llena de acci\u00f3n, ideal para quienes desean agregar un toque de adrenalina y alegr\u00eda a su d\u00eda de playa.<\/p>","protected":false},"featured_media":9811,"comment_status":"open","ping_status":"closed","template":"","meta":{"_joinchat":[]},"product_brand":[87],"product_cat":[88],"product_tag":[],"class_list":{"0":"post-9807","1":"product","2":"type-product","3":"status-publish","4":"has-post-thumbnail","6":"product_brand-banana-boat","7":"product_cat-paseo-en-banana-boat","9":"first","10":"instock","11":"shipping-taxable","12":"purchasable","13":"product-type-ovabrw_car_rental"},"_links":{"self":[{"href":"https:\/\/paisatoursrd.com\/en\/wp-json\/wp\/v2\/product\/9807","targetHints":{"allow":["GET"]}}],"collection":[{"href":"https:\/\/paisatoursrd.com\/en\/wp-json\/wp\/v2\/product"}],"about":[{"href":"https:\/\/paisatoursrd.com\/en\/wp-json\/wp\/v2\/types\/product"}],"replies":[{"embeddable":true,"href":"https:\/\/paisatoursrd.com\/en\/wp-json\/wp\/v2\/comments?post=9807"}],"wp:featuredmedia":[{"embeddable":true,"href":"https:\/\/paisatoursrd.com\/en\/wp-json\/wp\/v2\/media\/9811"}],"wp:attachment":[{"href":"https:\/\/paisatoursrd.com\/en\/wp-json\/wp\/v2\/media?parent=9807"}],"wp:term":[{"taxonomy":"product_brand","embeddable":true,"href":"https:\/\/paisatoursrd.com\/en\/wp-json\/wp\/v2\/product_brand?post=9807"},{"taxonomy":"product_cat","embeddable":true,"href":"https:\/\/paisatoursrd.com\/en\/wp-json\/wp\/v2\/product_cat?post=9807"},{"taxonomy":"product_tag","embeddable":true,"href":"https:\/\/paisatoursrd.com\/en\/wp-json\/wp\/v2\/product_tag?post=9807"}],"curies":[{"name":"wp","href":"https:\/\/api.w.org\/{rel}","templated":true}]}}