{"id":9772,"date":"2025-10-28T05:48:12","date_gmt":"2025-10-28T05:48:12","guid":{"rendered":"https:\/\/paisatoursrd.com\/?post_type=product&#038;p=9772"},"modified":"2025-12-04T19:23:01","modified_gmt":"2025-12-04T19:23:01","slug":"safary","status":"publish","type":"product","link":"https:\/\/paisatoursrd.com\/en\/product\/safary\/","title":{"rendered":"SAFARY"},"content":{"rendered":"<p>Embark on an experience full of adventure, culture and nature with the fascinating <strong data-start=\"114\" data-end=\"138\">Safari <\/strong>, This is one of the most comprehensive and authentic excursions in the Dominican Republic. This tour will allow you to discover the <strong data-start=\"249\" data-end=\"291\">true essence of the Dominican countryside<\/strong>, Exploring rural landscapes, mountains, rivers, and local communities aboard a <strong data-start=\"373\" data-end=\"407\">open and comfortable safari truck<\/strong>, ideal for enjoying the tour with total freedom and fun.<\/p>\n<p>From the very beginning, the local guides will greet you with joy and enthusiasm, sharing interesting facts, anecdotes, and traditions that will immerse you in Dominican culture. During the tour, you will visit <strong data-start=\"682\" data-end=\"749\">plantations of cocoa, coffee, sugar cane and tropical fruits<\/strong>, where you will learn about the artisanal processes of cultivation and production, as well as be able to taste fresh and natural products directly from the field.<\/p>","protected":false},"excerpt":{"rendered":"<p>El <strong data-start=\"1614\" data-end=\"1638\">Safari <\/strong>\u00a0es una experiencia que combina <strong data-start=\"1670\" data-end=\"1714\">aventura, cultura, historia y naturaleza<\/strong>, ideal para quienes desean conocer m\u00e1s all\u00e1 de los hoteles y descubrir el aut\u00e9ntico coraz\u00f3n de la Rep\u00fablica Dominicana.<\/p>","protected":false},"featured_media":9781,"comment_status":"open","ping_status":"closed","template":"","meta":{"_joinchat":[]},"product_brand":[83],"product_cat":[84],"product_tag":[],"class_list":{"0":"post-9772","1":"product","2":"type-product","3":"status-publish","4":"has-post-thumbnail","6":"product_brand-safary","7":"product_cat-safari","9":"first","10":"instock","11":"shipping-taxable","12":"purchasable","13":"product-type-ovabrw_car_rental"},"_links":{"self":[{"href":"https:\/\/paisatoursrd.com\/en\/wp-json\/wp\/v2\/product\/9772","targetHints":{"allow":["GET"]}}],"collection":[{"href":"https:\/\/paisatoursrd.com\/en\/wp-json\/wp\/v2\/product"}],"about":[{"href":"https:\/\/paisatoursrd.com\/en\/wp-json\/wp\/v2\/types\/product"}],"replies":[{"embeddable":true,"href":"https:\/\/paisatoursrd.com\/en\/wp-json\/wp\/v2\/comments?post=9772"}],"wp:featuredmedia":[{"embeddable":true,"href":"https:\/\/paisatoursrd.com\/en\/wp-json\/wp\/v2\/media\/9781"}],"wp:attachment":[{"href":"https:\/\/paisatoursrd.com\/en\/wp-json\/wp\/v2\/media?parent=9772"}],"wp:term":[{"taxonomy":"product_brand","embeddable":true,"href":"https:\/\/paisatoursrd.com\/en\/wp-json\/wp\/v2\/product_brand?post=9772"},{"taxonomy":"product_cat","embeddable":true,"href":"https:\/\/paisatoursrd.com\/en\/wp-json\/wp\/v2\/product_cat?post=9772"},{"taxonomy":"product_tag","embeddable":true,"href":"https:\/\/paisatoursrd.com\/en\/wp-json\/wp\/v2\/product_tag?post=9772"}],"curies":[{"name":"wp","href":"https:\/\/api.w.org\/{rel}","templated":true}]}}