{"id":9738,"date":"2025-11-09T16:28:33","date_gmt":"2025-11-09T16:28:33","guid":{"rendered":"https:\/\/paisatoursrd.com\/?post_type=product&#038;p=9738"},"modified":"2025-11-12T18:13:54","modified_gmt":"2025-11-12T18:13:54","slug":"monkeyland","status":"publish","type":"product","link":"https:\/\/paisatoursrd.com\/en\/product\/monkeyland\/","title":{"rendered":"MONKEYLAND"},"content":{"rendered":"<p data-start=\"31\" data-end=\"382\">Embark on an adventure filled with nature, fun and tenderness in <strong data-start=\"101\" data-end=\"126\">Monkeyland <\/strong>, One of the most popular eco-tours in the region. Enjoy a tour through a lush tropical reserve inhabited by a charming community of <strong data-start=\"287\" data-end=\"323\">squirrel monkeys<\/strong> who live in complete freedom and harmony with the environment.<\/p>\n<p data-start=\"384\" data-end=\"814\">During the visit, you will have the opportunity to <strong data-start=\"429\" data-end=\"471\">walk among the jungle trails<\/strong>, Learn about the local flora and discover Dominican culture and the importance of environmental conservation from expert guides. The most fun part comes when the curious and friendly monkeys approach you: they jump on your shoulders, perch on your arms, and pose for the best photos, creating unforgettable memories.<\/p>","protected":false},"excerpt":{"rendered":"<p data-start=\"816\" data-end=\"1024\">El recorrido tambi\u00e9n incluye una parada en una <strong data-start=\"863\" data-end=\"889\">casa t\u00edpica dominicana<\/strong>, donde podr\u00e1s degustar productos locales como cacao, caf\u00e9 y frutas frescas, mientras conoces el proceso artesanal de su elaboraci\u00f3n.<\/p>\n<p data-start=\"1026\" data-end=\"1134\">Esta experiencia combina <strong data-start=\"1051\" data-end=\"1103\">educaci\u00f3n, aventura y contacto con la naturaleza<\/strong>, ideal para toda la familia.<\/p>","protected":false},"featured_media":9783,"comment_status":"open","ping_status":"closed","template":"","meta":{"_joinchat":[]},"product_brand":[75],"product_cat":[60],"product_tag":[],"class_list":{"0":"post-9738","1":"product","2":"type-product","3":"status-publish","4":"has-post-thumbnail","6":"product_brand-monkeyland","7":"product_cat-parque","9":"first","10":"instock","11":"shipping-taxable","12":"purchasable","13":"product-type-ovabrw_car_rental"},"_links":{"self":[{"href":"https:\/\/paisatoursrd.com\/en\/wp-json\/wp\/v2\/product\/9738","targetHints":{"allow":["GET"]}}],"collection":[{"href":"https:\/\/paisatoursrd.com\/en\/wp-json\/wp\/v2\/product"}],"about":[{"href":"https:\/\/paisatoursrd.com\/en\/wp-json\/wp\/v2\/types\/product"}],"replies":[{"embeddable":true,"href":"https:\/\/paisatoursrd.com\/en\/wp-json\/wp\/v2\/comments?post=9738"}],"wp:featuredmedia":[{"embeddable":true,"href":"https:\/\/paisatoursrd.com\/en\/wp-json\/wp\/v2\/media\/9783"}],"wp:attachment":[{"href":"https:\/\/paisatoursrd.com\/en\/wp-json\/wp\/v2\/media?parent=9738"}],"wp:term":[{"taxonomy":"product_brand","embeddable":true,"href":"https:\/\/paisatoursrd.com\/en\/wp-json\/wp\/v2\/product_brand?post=9738"},{"taxonomy":"product_cat","embeddable":true,"href":"https:\/\/paisatoursrd.com\/en\/wp-json\/wp\/v2\/product_cat?post=9738"},{"taxonomy":"product_tag","embeddable":true,"href":"https:\/\/paisatoursrd.com\/en\/wp-json\/wp\/v2\/product_tag?post=9738"}],"curies":[{"name":"wp","href":"https:\/\/api.w.org\/{rel}","templated":true}]}}