{"id":9731,"date":"2025-11-09T16:33:06","date_gmt":"2025-11-09T16:33:06","guid":{"rendered":"https:\/\/paisatoursrd.com\/?post_type=product&#038;p=9731"},"modified":"2025-11-12T18:10:57","modified_gmt":"2025-11-12T18:10:57","slug":"scubadoo","status":"publish","type":"product","link":"https:\/\/paisatoursrd.com\/en\/product\/scubadoo\/","title":{"rendered":"SCUBADOO"},"content":{"rendered":"<p data-start=\"29\" data-end=\"347\">Discover the fascinating underwater world without needing to know how to dive with the incredible experience of <strong data-start=\"130\" data-end=\"156\">ScubaDoo in Punta Cana<\/strong>. This innovative adventure lets you explore the seabed aboard a small <strong data-start=\"242\" data-end=\"263\">underwater scooter<\/strong> which combines the excitement of diving with the comfort and safety of a guided tour.<\/p>\n<p data-start=\"349\" data-end=\"771\">With your own ScubaDoo, you&#039;ll gently descend a few meters below the surface, breathing normally inside an air dome as you move between <strong data-start=\"525\" data-end=\"584\">Tropical fish, colorful corals and crystal clear waters<\/strong> from the Caribbean. No prior experience is necessary, as you will receive a <strong data-start=\"660\" data-end=\"682\">basic instruction<\/strong> before you begin, and you will be accompanied by professional instructors at all times.<\/p>","protected":false},"excerpt":{"rendered":"<p>Esta actividad es ideal para quienes desean vivir una <strong data-start=\"827\" data-end=\"871\">experiencia \u00fanica, relajante y diferente<\/strong>, disfrutando de la vida marina sin esfuerzo. Adem\u00e1s, podr\u00e1s tomar fotograf\u00edas inolvidables mientras navegas bajo el mar con total seguridad.<\/p>","protected":false},"featured_media":9732,"comment_status":"open","ping_status":"closed","template":"","meta":{"_joinchat":[]},"product_brand":[74],"product_cat":[98],"product_tag":[],"class_list":{"0":"post-9731","1":"product","2":"type-product","3":"status-publish","4":"has-post-thumbnail","6":"product_brand-scubadoo","7":"product_cat-buceo","9":"first","10":"instock","11":"featured","12":"shipping-taxable","13":"purchasable","14":"product-type-ovabrw_car_rental"},"_links":{"self":[{"href":"https:\/\/paisatoursrd.com\/en\/wp-json\/wp\/v2\/product\/9731","targetHints":{"allow":["GET"]}}],"collection":[{"href":"https:\/\/paisatoursrd.com\/en\/wp-json\/wp\/v2\/product"}],"about":[{"href":"https:\/\/paisatoursrd.com\/en\/wp-json\/wp\/v2\/types\/product"}],"replies":[{"embeddable":true,"href":"https:\/\/paisatoursrd.com\/en\/wp-json\/wp\/v2\/comments?post=9731"}],"wp:featuredmedia":[{"embeddable":true,"href":"https:\/\/paisatoursrd.com\/en\/wp-json\/wp\/v2\/media\/9732"}],"wp:attachment":[{"href":"https:\/\/paisatoursrd.com\/en\/wp-json\/wp\/v2\/media?parent=9731"}],"wp:term":[{"taxonomy":"product_brand","embeddable":true,"href":"https:\/\/paisatoursrd.com\/en\/wp-json\/wp\/v2\/product_brand?post=9731"},{"taxonomy":"product_cat","embeddable":true,"href":"https:\/\/paisatoursrd.com\/en\/wp-json\/wp\/v2\/product_cat?post=9731"},{"taxonomy":"product_tag","embeddable":true,"href":"https:\/\/paisatoursrd.com\/en\/wp-json\/wp\/v2\/product_tag?post=9731"}],"curies":[{"name":"wp","href":"https:\/\/api.w.org\/{rel}","templated":true}]}}