{"id":9718,"date":"2025-10-23T16:55:08","date_gmt":"2025-10-23T16:55:08","guid":{"rendered":"https:\/\/paisatoursrd.com\/?post_type=product&#038;p=9718"},"modified":"2025-11-12T18:19:22","modified_gmt":"2025-11-12T18:19:22","slug":"speed-boat","status":"publish","type":"product","link":"https:\/\/paisatoursrd.com\/en\/product\/speed-boat\/","title":{"rendered":"SPEED BOAT"},"content":{"rendered":"<p data-start=\"31\" data-end=\"257\">Live an experience full of <strong data-start=\"61\" data-end=\"87\">adrenaline and fun<\/strong> with the incredible adventure of <strong data-start=\"117\" data-end=\"145\">Speedboat in Punta Cana<\/strong>, where you yourself will be the captain of a speedboat as you travel through the crystal-clear waters of the Caribbean Sea.<\/p>\n<p data-start=\"259\" data-end=\"562\">During the tour, you&#039;ll pilot your own boat, following the guide and exploring stunning coastal landscapes, pristine beaches, and coral reefs. You&#039;ll experience the thrill of gliding at full speed across the water, combining the <strong data-start=\"495\" data-end=\"538\">extreme adventure with natural beauty<\/strong> of the tropical environment.<\/p>","protected":false},"excerpt":{"rendered":"<p data-start=\"564\" data-end=\"824\">Tendr\u00e1s la oportunidad de detenerte para <strong data-start=\"627\" data-end=\"658\">nadar, bucear con esn\u00f3rquel<\/strong> y admirar la incre\u00edble vida marina bajo el mar, rodeado de peces de colores y corales. Es una actividad perfecta para disfrutar en pareja, con amigos o en familia.<\/p>\n<p data-start=\"826\" data-end=\"1055\">Las lanchas son f\u00e1ciles de manejar y totalmente seguras, por lo que no necesitas experiencia previa. El equipo de gu\u00edas profesionales te brindar\u00e1 todas las instrucciones necesarias para que disfrutes al m\u00e1ximo de esta traves\u00eda.<\/p>","protected":false},"featured_media":9719,"comment_status":"open","ping_status":"closed","template":"","meta":{"_joinchat":[]},"product_brand":[72],"product_cat":[71],"product_tag":[],"class_list":{"0":"post-9718","1":"product","2":"type-product","3":"status-publish","4":"has-post-thumbnail","6":"product_brand-speed-boat","7":"product_cat-paseo-en-lancha","9":"first","10":"instock","11":"featured","12":"shipping-taxable","13":"purchasable","14":"product-type-ovabrw_car_rental"},"_links":{"self":[{"href":"https:\/\/paisatoursrd.com\/en\/wp-json\/wp\/v2\/product\/9718","targetHints":{"allow":["GET"]}}],"collection":[{"href":"https:\/\/paisatoursrd.com\/en\/wp-json\/wp\/v2\/product"}],"about":[{"href":"https:\/\/paisatoursrd.com\/en\/wp-json\/wp\/v2\/types\/product"}],"replies":[{"embeddable":true,"href":"https:\/\/paisatoursrd.com\/en\/wp-json\/wp\/v2\/comments?post=9718"}],"wp:featuredmedia":[{"embeddable":true,"href":"https:\/\/paisatoursrd.com\/en\/wp-json\/wp\/v2\/media\/9719"}],"wp:attachment":[{"href":"https:\/\/paisatoursrd.com\/en\/wp-json\/wp\/v2\/media?parent=9718"}],"wp:term":[{"taxonomy":"product_brand","embeddable":true,"href":"https:\/\/paisatoursrd.com\/en\/wp-json\/wp\/v2\/product_brand?post=9718"},{"taxonomy":"product_cat","embeddable":true,"href":"https:\/\/paisatoursrd.com\/en\/wp-json\/wp\/v2\/product_cat?post=9718"},{"taxonomy":"product_tag","embeddable":true,"href":"https:\/\/paisatoursrd.com\/en\/wp-json\/wp\/v2\/product_tag?post=9718"}],"curies":[{"name":"wp","href":"https:\/\/api.w.org\/{rel}","templated":true}]}}