{"id":9704,"date":"2025-10-23T15:30:44","date_gmt":"2025-10-23T15:30:44","guid":{"rendered":"https:\/\/paisatoursrd.com\/?post_type=product&#038;p=9704"},"modified":"2025-11-12T18:20:50","modified_gmt":"2025-11-12T18:20:50","slug":"pesca-o-deep-sea-fishing","status":"publish","type":"product","link":"https:\/\/paisatoursrd.com\/en\/product\/pesca-o-deep-sea-fishing\/","title":{"rendered":"DEEP SEA FISHING"},"content":{"rendered":"<p>Embark on an exciting adventure on the high seas with the <strong data-start=\"102\" data-end=\"159\">Fishing or Deep Sea Fishing experience in Punta Cana<\/strong>, One of the most fascinating activities for ocean and adrenaline lovers. Aboard modern, fully equipped vessels, you&#039;ll sail the turquoise waters of the Caribbean Sea in search of some of the most coveted species, such as <strong data-start=\"407\" data-end=\"494\">mahi-mahi, tuna, barracuda, wahoo, and the majestic blue or white marlin<\/strong>.<\/p>","protected":false},"excerpt":{"rendered":"<p>Durante el recorrido, podr\u00e1s disfrutar del impresionante paisaje costero mientras el capit\u00e1n y su tripulaci\u00f3n te gu\u00edan a los mejores puntos de pesca, utilizando equipos profesionales y t\u00e9cnicas avanzadas para garantizar una experiencia aut\u00e9ntica y segura. Tanto si eres un pescador experimentado como si es tu primera vez, recibir\u00e1s <strong data-start=\"832\" data-end=\"864\">instrucciones personalizadas<\/strong> para sacar el m\u00e1ximo provecho de la jornada.<\/p>","protected":false},"featured_media":9705,"comment_status":"open","ping_status":"closed","template":"","meta":{"_joinchat":[]},"product_brand":[69],"product_cat":[70],"product_tag":[],"class_list":{"0":"post-9704","1":"product","2":"type-product","3":"status-publish","4":"has-post-thumbnail","6":"product_brand-pesca-o-deep-sea-fishing","7":"product_cat-pesca","9":"first","10":"instock","11":"featured","12":"shipping-taxable","13":"purchasable","14":"product-type-ovabrw_car_rental"},"_links":{"self":[{"href":"https:\/\/paisatoursrd.com\/en\/wp-json\/wp\/v2\/product\/9704","targetHints":{"allow":["GET"]}}],"collection":[{"href":"https:\/\/paisatoursrd.com\/en\/wp-json\/wp\/v2\/product"}],"about":[{"href":"https:\/\/paisatoursrd.com\/en\/wp-json\/wp\/v2\/types\/product"}],"replies":[{"embeddable":true,"href":"https:\/\/paisatoursrd.com\/en\/wp-json\/wp\/v2\/comments?post=9704"}],"wp:featuredmedia":[{"embeddable":true,"href":"https:\/\/paisatoursrd.com\/en\/wp-json\/wp\/v2\/media\/9705"}],"wp:attachment":[{"href":"https:\/\/paisatoursrd.com\/en\/wp-json\/wp\/v2\/media?parent=9704"}],"wp:term":[{"taxonomy":"product_brand","embeddable":true,"href":"https:\/\/paisatoursrd.com\/en\/wp-json\/wp\/v2\/product_brand?post=9704"},{"taxonomy":"product_cat","embeddable":true,"href":"https:\/\/paisatoursrd.com\/en\/wp-json\/wp\/v2\/product_cat?post=9704"},{"taxonomy":"product_tag","embeddable":true,"href":"https:\/\/paisatoursrd.com\/en\/wp-json\/wp\/v2\/product_tag?post=9704"}],"curies":[{"name":"wp","href":"https:\/\/api.w.org\/{rel}","templated":true}]}}