{"id":9691,"date":"2025-11-09T16:45:17","date_gmt":"2025-11-09T16:45:17","guid":{"rendered":"https:\/\/paisatoursrd.com\/?post_type=product&#038;p=9691"},"modified":"2025-11-12T17:57:36","modified_gmt":"2025-11-12T17:57:36","slug":"scape-park","status":"publish","type":"product","link":"https:\/\/paisatoursrd.com\/en\/product\/scape-park\/","title":{"rendered":"ESCAPE PARK"},"content":{"rendered":"<p data-start=\"273\" data-end=\"643\"><strong data-start=\"273\" data-end=\"298\">Scape Park Punta Cana<\/strong> It is a spectacular nature and adventure park located within the luxurious complex <strong data-start=\"383\" data-end=\"395\">Cap Cana<\/strong>, On the east coast of the Dominican Republic, this destination combines the natural beauty of the Caribbean with exciting outdoor activities, creating a unique experience where the <strong data-start=\"576\" data-end=\"640\">Nature and adrenaline are in perfect harmony<\/strong>.<\/p>\n<p data-start=\"645\" data-end=\"1036\">With more than <strong data-start=\"656\" data-end=\"707\">400,000 square meters of pure rainforest<\/strong>, Scape Park offers a wide variety of activities for all tastes and ages. Visitors can enjoy extreme adventures such as <strong data-start=\"851\" data-end=\"886\">zip lines over the cliffs<\/strong>, <strong data-start=\"888\" data-end=\"923\">underground cave tours<\/strong>, <strong data-start=\"925\" data-end=\"965\">jumps into crystal clear cenotes<\/strong> and ecological tours that reveal the local flora, fauna and culture.<\/p>\n<p data-start=\"645\" data-end=\"1036\">One of the park&#039;s biggest attractions is the famous <strong data-start=\"1092\" data-end=\"1105\">Blue Hole<\/strong>, A stunning cenote with turquoise waters located at the foot of a cliff. This magical place invites adventurers to swim in a refreshing natural environment surrounded by lush vegetation. Other highlights include the <strong data-start=\"1340\" data-end=\"1360\">Iguabonita Cave<\/strong>, where you can explore the region&#039;s underground world, and the <strong data-start=\"1426\" data-end=\"1452\">Zip Line Eco Adventure<\/strong>, an adrenaline-pumping tour with panoramic views over the rainforest.<\/p>","protected":false},"excerpt":{"rendered":"<p><strong data-start=\"2145\" data-end=\"2170\">Scape Park Punta Cana<\/strong> es el lugar perfecto para vivir una jornada inolvidable de <strong data-start=\"2230\" data-end=\"2271\">aventura, naturaleza y descubrimiento<\/strong>, ideal para familias, parejas o grupos que buscan mucho m\u00e1s que un simple paseo: una experiencia caribe\u00f1a llena de emoci\u00f3n y conexi\u00f3n con la naturaleza.<\/p>","protected":false},"featured_media":9692,"comment_status":"open","ping_status":"closed","template":"","meta":{"_joinchat":[]},"product_brand":[68],"product_cat":[60],"product_tag":[],"class_list":{"0":"post-9691","1":"product","2":"type-product","3":"status-publish","4":"has-post-thumbnail","6":"product_brand-scape-park","7":"product_cat-parque","9":"first","10":"instock","11":"shipping-taxable","12":"purchasable","13":"product-type-ovabrw_car_rental"},"_links":{"self":[{"href":"https:\/\/paisatoursrd.com\/en\/wp-json\/wp\/v2\/product\/9691","targetHints":{"allow":["GET"]}}],"collection":[{"href":"https:\/\/paisatoursrd.com\/en\/wp-json\/wp\/v2\/product"}],"about":[{"href":"https:\/\/paisatoursrd.com\/en\/wp-json\/wp\/v2\/types\/product"}],"replies":[{"embeddable":true,"href":"https:\/\/paisatoursrd.com\/en\/wp-json\/wp\/v2\/comments?post=9691"}],"wp:featuredmedia":[{"embeddable":true,"href":"https:\/\/paisatoursrd.com\/en\/wp-json\/wp\/v2\/media\/9692"}],"wp:attachment":[{"href":"https:\/\/paisatoursrd.com\/en\/wp-json\/wp\/v2\/media?parent=9691"}],"wp:term":[{"taxonomy":"product_brand","embeddable":true,"href":"https:\/\/paisatoursrd.com\/en\/wp-json\/wp\/v2\/product_brand?post=9691"},{"taxonomy":"product_cat","embeddable":true,"href":"https:\/\/paisatoursrd.com\/en\/wp-json\/wp\/v2\/product_cat?post=9691"},{"taxonomy":"product_tag","embeddable":true,"href":"https:\/\/paisatoursrd.com\/en\/wp-json\/wp\/v2\/product_tag?post=9691"}],"curies":[{"name":"wp","href":"https:\/\/api.w.org\/{rel}","templated":true}]}}