{"id":9667,"date":"2025-10-22T18:44:09","date_gmt":"2025-10-22T18:44:09","guid":{"rendered":"https:\/\/paisatoursrd.com\/?post_type=product&#038;p=9667"},"modified":"2025-11-12T18:21:54","modified_gmt":"2025-11-12T18:21:54","slug":"hacienda-park","status":"publish","type":"product","link":"https:\/\/paisatoursrd.com\/en\/product\/hacienda-park\/","title":{"rendered":"HACIENDA PARK"},"content":{"rendered":"<p data-start=\"248\" data-end=\"602\"><strong data-start=\"248\" data-end=\"276\">Hacienda Park Punta Cana<\/strong> It is one of the most complete and exciting adventure parks in the Dominican Republic. Located in a stunning natural setting, this destination offers a perfect combination of <strong data-start=\"462\" data-end=\"497\">Fun, adrenaline, and culture<\/strong>, ideal for those who want to live an authentic and different experience during their stay in Punta Cana.<\/p>\n<p data-start=\"604\" data-end=\"1011\">At Hacienda Park, every visitor can enjoy a wide variety of outdoor activities showcasing the best of the Caribbean landscape. From tours in <strong data-start=\"772\" data-end=\"791\">4x4 motorcycles (ATV)<\/strong> either <strong data-start=\"794\" data-end=\"817\">off-road buggies<\/strong>, From horseback riding along ecological trails, each adventure allows you to explore tropical plantations, mountains, rivers and local communities, in an environment full of nature and excitement.<\/p>","protected":false},"excerpt":{"rendered":"<p>\u00a17 aventuras en 1 en La Hacienda Park, Punta Cana Acelera en boggie cabalga por la selva, refr\u00e9scate en el r\u00edo, explora un safari cultural, vuela en telesilla, desl\u00edzate por nuestra tirolesa y salta al vac\u00edo todo esto y un delicioso buffet dominicano<\/p>","protected":false},"featured_media":9690,"comment_status":"open","ping_status":"closed","template":"","meta":{"_joinchat":[]},"product_brand":[67],"product_cat":[60],"product_tag":[],"class_list":{"0":"post-9667","1":"product","2":"type-product","3":"status-publish","4":"has-post-thumbnail","6":"product_brand-hacienda-park","7":"product_cat-parque","9":"first","10":"instock","11":"shipping-taxable","12":"purchasable","13":"product-type-ovabrw_car_rental"},"_links":{"self":[{"href":"https:\/\/paisatoursrd.com\/en\/wp-json\/wp\/v2\/product\/9667","targetHints":{"allow":["GET"]}}],"collection":[{"href":"https:\/\/paisatoursrd.com\/en\/wp-json\/wp\/v2\/product"}],"about":[{"href":"https:\/\/paisatoursrd.com\/en\/wp-json\/wp\/v2\/types\/product"}],"replies":[{"embeddable":true,"href":"https:\/\/paisatoursrd.com\/en\/wp-json\/wp\/v2\/comments?post=9667"}],"wp:featuredmedia":[{"embeddable":true,"href":"https:\/\/paisatoursrd.com\/en\/wp-json\/wp\/v2\/media\/9690"}],"wp:attachment":[{"href":"https:\/\/paisatoursrd.com\/en\/wp-json\/wp\/v2\/media?parent=9667"}],"wp:term":[{"taxonomy":"product_brand","embeddable":true,"href":"https:\/\/paisatoursrd.com\/en\/wp-json\/wp\/v2\/product_brand?post=9667"},{"taxonomy":"product_cat","embeddable":true,"href":"https:\/\/paisatoursrd.com\/en\/wp-json\/wp\/v2\/product_cat?post=9667"},{"taxonomy":"product_tag","embeddable":true,"href":"https:\/\/paisatoursrd.com\/en\/wp-json\/wp\/v2\/product_tag?post=9667"}],"curies":[{"name":"wp","href":"https:\/\/api.w.org\/{rel}","templated":true}]}}